{"id":1422,"date":"2015-07-06T09:50:24","date_gmt":"2015-07-06T07:50:24","guid":{"rendered":"http:\/\/www.projektbox.bplaced.net\/print\/?page_id=1422"},"modified":"2025-01-17T10:57:34","modified_gmt":"2025-01-17T09:57:34","slug":"lage","status":"publish","type":"page","link":"http:\/\/www.waldperle.at\/en\/lage\/","title":{"rendered":"LOCATION"},"content":{"rendered":"<h3 class=\"widget-title\">Almost directly by the lake Klopeiner See<a href=\"http:\/\/www.waldperle.at\/wp-content\/uploads\/Waldperle-Drohne-scaled.jpg\" target=\"_blank\" rel=\"noopener\"><img loading=\"lazy\" decoding=\"async\" class=\"alignleft wp-image-3256\" src=\"http:\/\/www.waldperle.at\/wp-content\/uploads\/Waldperle-Drohne-scaled.jpg\" alt=\"Pension Waldperle - Lage - Drohnenaufnahme\" width=\"1260\" height=\"945\" srcset=\"http:\/\/www.waldperle.at\/wp-content\/uploads\/Waldperle-Drohne-scaled.jpg 2560w, http:\/\/www.waldperle.at\/wp-content\/uploads\/Waldperle-Drohne-200x150.jpg 200w, http:\/\/www.waldperle.at\/wp-content\/uploads\/Waldperle-Drohne-400x300.jpg 400w\" sizes=\"auto, (max-width: 1260px) 100vw, 1260px\" \/><\/a><\/h3>\n<h3>We do not cheat!<\/h3>\n<p>Strandpension Waldperle is situated less than 100 metres away from our private bathing-beach, the center of Seelach and the lakeside promenades are a 5-minute walk away.<br \/>\nWithin 2 kilometres you will find banks, ATMs, pharmacy, doctors, supermarkets, boutiques, bike rentals, cafes, pubs, restaurants, gas station, garages &#8211; just about everything you need on holiday.<\/p>\n<p><strong>And the best of all:<\/strong> Even your car can go on vacation. Almost everything is within walking distance.<\/p>\n<p><a href=\"http:\/\/www.waldperle.at\/wp-content\/uploads\/bilder_waldperle\/waldperle-westufer.jpg\" rel=\"attachment wp-att-2344\"><img loading=\"lazy\" decoding=\"async\" class=\"alignnone wp-image-2344 size-full\" src=\"http:\/\/www.waldperle.at\/wp-content\/uploads\/bilder_waldperle\/waldperle-westufer.jpg\" alt=\"Strandpension Waldperle - Luftaufnahme auf Seelach am Klopeiner See - \u00a9 Oswin Weiss\" width=\"800\" height=\"600\" srcset=\"http:\/\/www.waldperle.at\/wp-content\/uploads\/bilder_waldperle\/waldperle-westufer.jpg 800w, http:\/\/www.waldperle.at\/wp-content\/uploads\/bilder_waldperle\/waldperle-westufer-200x150.jpg 200w, http:\/\/www.waldperle.at\/wp-content\/uploads\/bilder_waldperle\/waldperle-westufer-400x300.jpg 400w\" sizes=\"auto, (max-width: 800px) 100vw, 800px\" \/><\/a><\/p>","protected":false},"excerpt":{"rendered":"<p>Die Strandpension Waldperle liegt vom eigenen Badestrand nicht einmal 100 Meter entfernt, zum Ortszentrum von Seelach und zu den Seepromenaden sind es 5 Gehminuten.<br \/>\nIm Umkreis von 2 Kilometern findet man Banken, Geldautomaten, Apotheke, \u00c4rzte, Superm\u00e4rkte, Boutiquen, Radverleih, Caf\u00e9s, Pubs, Restaurants, Tankstelle, Autowerkst\u00e4tten &#8211; einfach alles, was man im Urlaub ben\u00f6tigt.<\/p>\n","protected":false},"author":1,"featured_media":3256,"parent":0,"menu_order":7,"comment_status":"closed","ping_status":"closed","template":"","meta":{"footnotes":""},"class_list":["post-1422","page","type-page","status-publish","has-post-thumbnail","hentry","","tg-column-two"],"_links":{"self":[{"href":"http:\/\/www.waldperle.at\/en\/wp-json\/wp\/v2\/pages\/1422","targetHints":{"allow":["GET"]}}],"collection":[{"href":"http:\/\/www.waldperle.at\/en\/wp-json\/wp\/v2\/pages"}],"about":[{"href":"http:\/\/www.waldperle.at\/en\/wp-json\/wp\/v2\/types\/page"}],"author":[{"embeddable":true,"href":"http:\/\/www.waldperle.at\/en\/wp-json\/wp\/v2\/users\/1"}],"replies":[{"embeddable":true,"href":"http:\/\/www.waldperle.at\/en\/wp-json\/wp\/v2\/comments?post=1422"}],"version-history":[{"count":3,"href":"http:\/\/www.waldperle.at\/en\/wp-json\/wp\/v2\/pages\/1422\/revisions"}],"predecessor-version":[{"id":3258,"href":"http:\/\/www.waldperle.at\/en\/wp-json\/wp\/v2\/pages\/1422\/revisions\/3258"}],"wp:featuredmedia":[{"embeddable":true,"href":"http:\/\/www.waldperle.at\/en\/wp-json\/wp\/v2\/media\/3256"}],"wp:attachment":[{"href":"http:\/\/www.waldperle.at\/en\/wp-json\/wp\/v2\/media?parent=1422"}],"curies":[{"name":"wp","href":"https:\/\/api.w.org\/{rel}","templated":true}]}}